{"id":2885,"date":"2025-06-24T18:51:48","date_gmt":"2025-06-24T21:51:48","guid":{"rendered":"https:\/\/racontto.ar\/wordpress\/?post_type=product&#038;p=2885"},"modified":"2026-03-17T19:45:35","modified_gmt":"2026-03-17T22:45:35","slug":"blusa-animal-print","status":"publish","type":"product","link":"https:\/\/racontto.ar\/index.php\/producto\/blusa-animal-print\/","title":{"rendered":"Blusa Animal Print"},"content":{"rendered":"<p>Blusa animal print leopardo.<br \/>\nConfeccionada materiales combinados simil seda, una tela liviana y fluida que ofrece un tacto suave y una excelente ca\u00edda \u00a1Perfecta para un look de invierno \u00fanico! Adem\u00e1s podes lucirla combinada con el pantal\u00f3n.<\/p>\n","protected":false},"excerpt":{"rendered":"<p><span style=\"color: #ff0000\"><strong>3 cuotas sin inter\u00e9s con visa y MasterCard bancarizadas<\/strong><\/span><\/p>\n<p><span style=\"color: #ff0000\"><strong>20% off con transferencia bancaria $47.920<\/strong><\/span><\/p>\n","protected":false},"featured_media":3682,"comment_status":"open","ping_status":"closed","template":"","meta":[],"product_brand":[79],"product_cat":[44],"product_tag":[100,91,36,40,92],"class_list":{"0":"post-2885","1":"product","2":"type-product","3":"status-publish","4":"has-post-thumbnail","6":"product_brand-ver","7":"product_cat-camisas-blusa","8":"product_tag-blusas","9":"product_tag-invierno","10":"product_tag-look","11":"product_tag-outdoor","12":"product_tag-temporada","14":"first","15":"instock","16":"purchasable","17":"product-type-variable"},"_links":{"self":[{"href":"https:\/\/racontto.ar\/index.php\/wp-json\/wp\/v2\/product\/2885","targetHints":{"allow":["GET"]}}],"collection":[{"href":"https:\/\/racontto.ar\/index.php\/wp-json\/wp\/v2\/product"}],"about":[{"href":"https:\/\/racontto.ar\/index.php\/wp-json\/wp\/v2\/types\/product"}],"replies":[{"embeddable":true,"href":"https:\/\/racontto.ar\/index.php\/wp-json\/wp\/v2\/comments?post=2885"}],"wp:featuredmedia":[{"embeddable":true,"href":"https:\/\/racontto.ar\/index.php\/wp-json\/wp\/v2\/media\/3682"}],"wp:attachment":[{"href":"https:\/\/racontto.ar\/index.php\/wp-json\/wp\/v2\/media?parent=2885"}],"wp:term":[{"taxonomy":"product_brand","embeddable":true,"href":"https:\/\/racontto.ar\/index.php\/wp-json\/wp\/v2\/product_brand?post=2885"},{"taxonomy":"product_cat","embeddable":true,"href":"https:\/\/racontto.ar\/index.php\/wp-json\/wp\/v2\/product_cat?post=2885"},{"taxonomy":"product_tag","embeddable":true,"href":"https:\/\/racontto.ar\/index.php\/wp-json\/wp\/v2\/product_tag?post=2885"}],"curies":[{"name":"wp","href":"https:\/\/api.w.org\/{rel}","templated":true}]}}