{"id":2892,"date":"2025-06-24T19:09:39","date_gmt":"2025-06-24T22:09:39","guid":{"rendered":"https:\/\/racontto.ar\/wordpress\/?post_type=product&#038;p=2892"},"modified":"2026-04-22T12:37:21","modified_gmt":"2026-04-22T15:37:21","slug":"remera","status":"publish","type":"product","link":"https:\/\/racontto.ar\/index.php\/producto\/remera\/","title":{"rendered":"Remera ML brillos"},"content":{"rendered":"<p>Remera de lurex.<br \/>\nConfeccionada en morley con l\u00farex, una tela acanalada y el\u00e1stica con sutil brillo met\u00e1lico.<br \/>\nCuello redondo, manga larga, hombros ca\u00eddos y aberturas laterales en el ruedo para un calce relajado.<br \/>\nComposici\u00f3n: 60% Ray\u00f3n &#8211; 16% Nylon &#8211; 16% Metallic &#8211; 8% Spandex.<\/p>\n","protected":false},"excerpt":{"rendered":"<p><span style=\"color: #ff0000\"><strong>3 cuotas sin inter\u00e9s con visa y MasterCard bancarizadas<\/strong><\/span><\/p>\n<p><span style=\"color: #ff0000\"><strong>20% off con transferencia bancaria $36.800<\/strong><\/span><\/p>\n","protected":false},"featured_media":3617,"comment_status":"open","ping_status":"closed","template":"","meta":[],"product_brand":[79],"product_cat":[169,76],"product_tag":[91,36,40,101,92],"class_list":{"0":"post-2892","1":"product","2":"type-product","3":"status-publish","4":"has-post-thumbnail","6":"product_brand-ver","7":"product_cat-otono-invierno","8":"product_cat-remeras","9":"product_tag-invierno","10":"product_tag-look","11":"product_tag-outdoor","12":"product_tag-remeras","13":"product_tag-temporada","15":"first","16":"instock","17":"purchasable","18":"product-type-variable"},"_links":{"self":[{"href":"https:\/\/racontto.ar\/index.php\/wp-json\/wp\/v2\/product\/2892","targetHints":{"allow":["GET"]}}],"collection":[{"href":"https:\/\/racontto.ar\/index.php\/wp-json\/wp\/v2\/product"}],"about":[{"href":"https:\/\/racontto.ar\/index.php\/wp-json\/wp\/v2\/types\/product"}],"replies":[{"embeddable":true,"href":"https:\/\/racontto.ar\/index.php\/wp-json\/wp\/v2\/comments?post=2892"}],"wp:featuredmedia":[{"embeddable":true,"href":"https:\/\/racontto.ar\/index.php\/wp-json\/wp\/v2\/media\/3617"}],"wp:attachment":[{"href":"https:\/\/racontto.ar\/index.php\/wp-json\/wp\/v2\/media?parent=2892"}],"wp:term":[{"taxonomy":"product_brand","embeddable":true,"href":"https:\/\/racontto.ar\/index.php\/wp-json\/wp\/v2\/product_brand?post=2892"},{"taxonomy":"product_cat","embeddable":true,"href":"https:\/\/racontto.ar\/index.php\/wp-json\/wp\/v2\/product_cat?post=2892"},{"taxonomy":"product_tag","embeddable":true,"href":"https:\/\/racontto.ar\/index.php\/wp-json\/wp\/v2\/product_tag?post=2892"}],"curies":[{"name":"wp","href":"https:\/\/api.w.org\/{rel}","templated":true}]}}