{"id":2894,"date":"2025-06-24T19:34:15","date_gmt":"2025-06-24T22:34:15","guid":{"rendered":"https:\/\/racontto.ar\/wordpress\/?post_type=product&#038;p=2894"},"modified":"2026-04-22T12:37:28","modified_gmt":"2026-04-22T15:37:28","slug":"cardigan","status":"publish","type":"product","link":"https:\/\/racontto.ar\/index.php\/producto\/cardigan\/","title":{"rendered":"Cardigan Azul"},"content":{"rendered":"<p>C\u00e1rdigan tejido<br \/>\nConfeccionado en hilado de acr\u00edlico con dise\u00f1o en punto ingl\u00e9s, suave y de tacto acanalado<br \/>\nCuello escote en V, hombros ca\u00eddos, cerramiento con botones al frente y terminaciones en rib en cuello, pu\u00f1os y ruedo para un mejor ajuste.<br \/>\nCalce relaxed, largo pasando la cadera.<\/p>\n","protected":false},"excerpt":{"rendered":"<p><span style=\"color: #ff0000\"><strong>3 cuotas sin inter\u00e9s con visa y MasterCard bancarizadas<\/strong><\/span><\/p>\n<p><span style=\"color: #ff0000\"><strong>20% off con transferencia bancaria $63.920<\/strong><\/span><\/p>\n","protected":false},"featured_media":3559,"comment_status":"open","ping_status":"closed","template":"","meta":[],"product_brand":[79],"product_cat":[102,169],"product_tag":[91,36,40,101,92],"class_list":{"0":"post-2894","1":"product","2":"type-product","3":"status-publish","4":"has-post-thumbnail","6":"product_brand-ver","7":"product_cat-cardigan","8":"product_cat-otono-invierno","9":"product_tag-invierno","10":"product_tag-look","11":"product_tag-outdoor","12":"product_tag-remeras","13":"product_tag-temporada","15":"first","16":"instock","17":"purchasable","18":"product-type-variable"},"_links":{"self":[{"href":"https:\/\/racontto.ar\/index.php\/wp-json\/wp\/v2\/product\/2894","targetHints":{"allow":["GET"]}}],"collection":[{"href":"https:\/\/racontto.ar\/index.php\/wp-json\/wp\/v2\/product"}],"about":[{"href":"https:\/\/racontto.ar\/index.php\/wp-json\/wp\/v2\/types\/product"}],"replies":[{"embeddable":true,"href":"https:\/\/racontto.ar\/index.php\/wp-json\/wp\/v2\/comments?post=2894"}],"wp:featuredmedia":[{"embeddable":true,"href":"https:\/\/racontto.ar\/index.php\/wp-json\/wp\/v2\/media\/3559"}],"wp:attachment":[{"href":"https:\/\/racontto.ar\/index.php\/wp-json\/wp\/v2\/media?parent=2894"}],"wp:term":[{"taxonomy":"product_brand","embeddable":true,"href":"https:\/\/racontto.ar\/index.php\/wp-json\/wp\/v2\/product_brand?post=2894"},{"taxonomy":"product_cat","embeddable":true,"href":"https:\/\/racontto.ar\/index.php\/wp-json\/wp\/v2\/product_cat?post=2894"},{"taxonomy":"product_tag","embeddable":true,"href":"https:\/\/racontto.ar\/index.php\/wp-json\/wp\/v2\/product_tag?post=2894"}],"curies":[{"name":"wp","href":"https:\/\/api.w.org\/{rel}","templated":true}]}}