{"id":2899,"date":"2025-06-24T19:40:18","date_gmt":"2025-06-24T22:40:18","guid":{"rendered":"https:\/\/racontto.ar\/wordpress\/?post_type=product&#038;p=2899"},"modified":"2026-04-22T12:37:13","modified_gmt":"2026-04-22T15:37:13","slug":"sweater","status":"publish","type":"product","link":"https:\/\/racontto.ar\/index.php\/producto\/sweater\/","title":{"rendered":"Sweater Red"},"content":{"rendered":"<p>Sweater tejido rojo.<br \/>\nConfeccionado en punto ingl\u00e9s, perfecto para combinar con camisas, faldas o pantalones de sastrer\u00eda<br \/>\nCuello redondo, manga ragl\u00e1n, terminaci\u00f3n acanalada en cuello, pu\u00f1os y ruedo.<br \/>\nCalce recto y largo a la cadera.<br \/>\nComposici\u00f3n: 100% Acr\u00edlico.<\/p>\n","protected":false},"excerpt":{"rendered":"<p><span style=\"color: #ff0000\"><strong>3 cuotas sin inter\u00e9s con visa y MasterCard bancarizadas<\/strong><\/span><\/p>\n<p><span style=\"color: #ff0000\"><strong>20% off con transferencia bancaria $63.920<\/strong><\/span><\/p>\n","protected":false},"featured_media":3669,"comment_status":"open","ping_status":"closed","template":"","meta":[],"product_brand":[79],"product_cat":[169,71],"product_tag":[91,36,40,103,92],"class_list":{"0":"post-2899","1":"product","2":"type-product","3":"status-publish","4":"has-post-thumbnail","6":"product_brand-ver","7":"product_cat-otono-invierno","8":"product_cat-sweaters-cardigans","9":"product_tag-invierno","10":"product_tag-look","11":"product_tag-outdoor","12":"product_tag-sweater","13":"product_tag-temporada","15":"first","16":"instock","17":"purchasable","18":"product-type-variable"},"_links":{"self":[{"href":"https:\/\/racontto.ar\/index.php\/wp-json\/wp\/v2\/product\/2899","targetHints":{"allow":["GET"]}}],"collection":[{"href":"https:\/\/racontto.ar\/index.php\/wp-json\/wp\/v2\/product"}],"about":[{"href":"https:\/\/racontto.ar\/index.php\/wp-json\/wp\/v2\/types\/product"}],"replies":[{"embeddable":true,"href":"https:\/\/racontto.ar\/index.php\/wp-json\/wp\/v2\/comments?post=2899"}],"wp:featuredmedia":[{"embeddable":true,"href":"https:\/\/racontto.ar\/index.php\/wp-json\/wp\/v2\/media\/3669"}],"wp:attachment":[{"href":"https:\/\/racontto.ar\/index.php\/wp-json\/wp\/v2\/media?parent=2899"}],"wp:term":[{"taxonomy":"product_brand","embeddable":true,"href":"https:\/\/racontto.ar\/index.php\/wp-json\/wp\/v2\/product_brand?post=2899"},{"taxonomy":"product_cat","embeddable":true,"href":"https:\/\/racontto.ar\/index.php\/wp-json\/wp\/v2\/product_cat?post=2899"},{"taxonomy":"product_tag","embeddable":true,"href":"https:\/\/racontto.ar\/index.php\/wp-json\/wp\/v2\/product_tag?post=2899"}],"curies":[{"name":"wp","href":"https:\/\/api.w.org\/{rel}","templated":true}]}}