{"id":3907,"date":"2025-07-25T20:19:59","date_gmt":"2025-07-25T23:19:59","guid":{"rendered":"https:\/\/racontto.ar\/?post_type=product&#038;p=3907"},"modified":"2026-04-21T12:35:51","modified_gmt":"2026-04-21T15:35:51","slug":"campera-puffer","status":"publish","type":"product","link":"https:\/\/racontto.ar\/index.php\/producto\/campera-puffer\/","title":{"rendered":"Campera Puffer"},"content":{"rendered":"<p>Campera puffer, confeccionada en nylon ultraliviano con acabado mate, ideal por su capacidad aislante para los d\u00edas m\u00e1s fr\u00edos del invierno.<br \/>\nCapucha ajustable con cord\u00f3n, cierre frontal, bolsillos laterales y ruedo con tancas para ajustar a tu medida.<br \/>\nCalce relaxed y largo a la cadera.<\/p>\n","protected":false},"excerpt":{"rendered":"<p><strong>3 o 6 cuotas sin inter\u00e9s con visa y MasterCard bancarizadas\u00a0<\/strong><\/p>\n<p><span style=\"color: #ff0000\"><strong>30% off con transferencia bancaria $104.930<\/strong><\/span><\/p>\n","protected":false},"featured_media":3910,"comment_status":"open","ping_status":"closed","template":"","meta":[],"product_brand":[79],"product_cat":[46,75,169],"product_tag":[140,153,91],"class_list":{"0":"post-3907","1":"product","2":"type-product","3":"status-publish","4":"has-post-thumbnail","6":"product_brand-ver","7":"product_cat-abrigos","8":"product_cat-camperas","9":"product_cat-otono-invierno","10":"product_tag-abrigo","11":"product_tag-campera","12":"product_tag-invierno","14":"first","15":"instock","16":"taxable","17":"shipping-taxable","18":"purchasable","19":"product-type-variable"},"_links":{"self":[{"href":"https:\/\/racontto.ar\/index.php\/wp-json\/wp\/v2\/product\/3907","targetHints":{"allow":["GET"]}}],"collection":[{"href":"https:\/\/racontto.ar\/index.php\/wp-json\/wp\/v2\/product"}],"about":[{"href":"https:\/\/racontto.ar\/index.php\/wp-json\/wp\/v2\/types\/product"}],"replies":[{"embeddable":true,"href":"https:\/\/racontto.ar\/index.php\/wp-json\/wp\/v2\/comments?post=3907"}],"wp:featuredmedia":[{"embeddable":true,"href":"https:\/\/racontto.ar\/index.php\/wp-json\/wp\/v2\/media\/3910"}],"wp:attachment":[{"href":"https:\/\/racontto.ar\/index.php\/wp-json\/wp\/v2\/media?parent=3907"}],"wp:term":[{"taxonomy":"product_brand","embeddable":true,"href":"https:\/\/racontto.ar\/index.php\/wp-json\/wp\/v2\/product_brand?post=3907"},{"taxonomy":"product_cat","embeddable":true,"href":"https:\/\/racontto.ar\/index.php\/wp-json\/wp\/v2\/product_cat?post=3907"},{"taxonomy":"product_tag","embeddable":true,"href":"https:\/\/racontto.ar\/index.php\/wp-json\/wp\/v2\/product_tag?post=3907"}],"curies":[{"name":"wp","href":"https:\/\/api.w.org\/{rel}","templated":true}]}}