{"id":3915,"date":"2025-07-25T20:29:00","date_gmt":"2025-07-25T23:29:00","guid":{"rendered":"https:\/\/racontto.ar\/?post_type=product&#038;p=3915"},"modified":"2026-04-21T12:36:04","modified_gmt":"2026-04-21T15:36:04","slug":"pantalon-road","status":"publish","type":"product","link":"https:\/\/racontto.ar\/index.php\/producto\/pantalon-road\/","title":{"rendered":"Pantalon Road"},"content":{"rendered":"<p>Pantal\u00f3n cargo de gabardina lavada de manera artesanal, con bolsillos laterales con tapa. Cintura con el\u00e1stico interno y cord\u00f3n al tono para ajustar. Bolsillo derecho trasero con tapa, cord\u00f3n en la parte inferior para ajustar.<\/p>\n","protected":false},"excerpt":{"rendered":"<p><span style=\"color: #ff0000\"><strong>3 o 6 cuotas sin inter\u00e9s con visa y MasterCard bancarizadas\u00a0<\/strong><\/span><\/p>\n<p><span style=\"color: #ff0000\"><strong>20% off con transferencia bancaria $151.200<\/strong><\/span><\/p>\n","protected":false},"featured_media":3918,"comment_status":"open","ping_status":"closed","template":"","meta":[],"product_brand":[136],"product_cat":[169,73],"product_tag":[145,30,141,104],"class_list":{"0":"post-3915","1":"product","2":"type-product","3":"status-publish","4":"has-post-thumbnail","6":"product_brand-47-street","7":"product_cat-otono-invierno","8":"product_cat-pantalones","9":"product_tag-atemporal","10":"product_tag-casual","11":"product_tag-moda","12":"product_tag-pantalon","14":"first","15":"instock","16":"taxable","17":"shipping-taxable","18":"purchasable","19":"product-type-variable"},"_links":{"self":[{"href":"https:\/\/racontto.ar\/index.php\/wp-json\/wp\/v2\/product\/3915","targetHints":{"allow":["GET"]}}],"collection":[{"href":"https:\/\/racontto.ar\/index.php\/wp-json\/wp\/v2\/product"}],"about":[{"href":"https:\/\/racontto.ar\/index.php\/wp-json\/wp\/v2\/types\/product"}],"replies":[{"embeddable":true,"href":"https:\/\/racontto.ar\/index.php\/wp-json\/wp\/v2\/comments?post=3915"}],"wp:featuredmedia":[{"embeddable":true,"href":"https:\/\/racontto.ar\/index.php\/wp-json\/wp\/v2\/media\/3918"}],"wp:attachment":[{"href":"https:\/\/racontto.ar\/index.php\/wp-json\/wp\/v2\/media?parent=3915"}],"wp:term":[{"taxonomy":"product_brand","embeddable":true,"href":"https:\/\/racontto.ar\/index.php\/wp-json\/wp\/v2\/product_brand?post=3915"},{"taxonomy":"product_cat","embeddable":true,"href":"https:\/\/racontto.ar\/index.php\/wp-json\/wp\/v2\/product_cat?post=3915"},{"taxonomy":"product_tag","embeddable":true,"href":"https:\/\/racontto.ar\/index.php\/wp-json\/wp\/v2\/product_tag?post=3915"}],"curies":[{"name":"wp","href":"https:\/\/api.w.org\/{rel}","templated":true}]}}