{"id":3944,"date":"2025-07-26T10:14:00","date_gmt":"2025-07-26T13:14:00","guid":{"rendered":"https:\/\/racontto.ar\/?post_type=product&#038;p=3944"},"modified":"2026-04-21T12:36:21","modified_gmt":"2026-04-21T15:36:21","slug":"pantalon-cargo","status":"publish","type":"product","link":"https:\/\/racontto.ar\/index.php\/producto\/pantalon-cargo\/","title":{"rendered":"Pantalon Cargo"},"content":{"rendered":"<p>Pantal\u00f3n s\u00edmil cuero efecto lavado. Cintura con presillas y bot\u00f3n met\u00e1lico en centro. Bolsillos cargo con botones snaps laterales. Detalle de cadena colgando desmontable. Pu\u00f1o con el\u00e1stico en bajo y cierre lateral para abrir<\/p>\n","protected":false},"excerpt":{"rendered":"<p><span style=\"color: #ff0000\"><strong>3 o 6 cuotas sin inter\u00e9s con visa y MasterCard bancarizas<\/strong><\/span><\/p>\n<p><span style=\"color: #ff0000\"><strong>20% off con transferencia bancaria $127.920<\/strong><\/span><\/p>\n","protected":false},"featured_media":3945,"comment_status":"open","ping_status":"closed","template":"","meta":[],"product_brand":[136],"product_cat":[169,73],"product_tag":[154,142,39,141,104],"class_list":{"0":"post-3944","1":"product","2":"type-product","3":"status-publish","4":"has-post-thumbnail","6":"product_brand-47-street","7":"product_cat-otono-invierno","8":"product_cat-pantalones","9":"product_tag-cargo","10":"product_tag-eco-cuero","11":"product_tag-estilo-de-noche","12":"product_tag-moda","13":"product_tag-pantalon","15":"first","16":"instock","17":"taxable","18":"shipping-taxable","19":"purchasable","20":"product-type-variable"},"_links":{"self":[{"href":"https:\/\/racontto.ar\/index.php\/wp-json\/wp\/v2\/product\/3944","targetHints":{"allow":["GET"]}}],"collection":[{"href":"https:\/\/racontto.ar\/index.php\/wp-json\/wp\/v2\/product"}],"about":[{"href":"https:\/\/racontto.ar\/index.php\/wp-json\/wp\/v2\/types\/product"}],"replies":[{"embeddable":true,"href":"https:\/\/racontto.ar\/index.php\/wp-json\/wp\/v2\/comments?post=3944"}],"wp:featuredmedia":[{"embeddable":true,"href":"https:\/\/racontto.ar\/index.php\/wp-json\/wp\/v2\/media\/3945"}],"wp:attachment":[{"href":"https:\/\/racontto.ar\/index.php\/wp-json\/wp\/v2\/media?parent=3944"}],"wp:term":[{"taxonomy":"product_brand","embeddable":true,"href":"https:\/\/racontto.ar\/index.php\/wp-json\/wp\/v2\/product_brand?post=3944"},{"taxonomy":"product_cat","embeddable":true,"href":"https:\/\/racontto.ar\/index.php\/wp-json\/wp\/v2\/product_cat?post=3944"},{"taxonomy":"product_tag","embeddable":true,"href":"https:\/\/racontto.ar\/index.php\/wp-json\/wp\/v2\/product_tag?post=3944"}],"curies":[{"name":"wp","href":"https:\/\/api.w.org\/{rel}","templated":true}]}}