{"id":4057,"date":"2025-07-29T19:10:38","date_gmt":"2025-07-29T22:10:38","guid":{"rendered":"https:\/\/racontto.ar\/?post_type=product&#038;p=4057"},"modified":"2026-03-17T16:35:56","modified_gmt":"2026-03-17T19:35:56","slug":"buzo-bordado","status":"publish","type":"product","link":"https:\/\/racontto.ar\/index.php\/producto\/buzo-bordado\/","title":{"rendered":"Buzo bordado"},"content":{"rendered":"<p>Buzo con bordado y calados.<br \/>\nConfeccionado en r\u00fastico de algod\u00f3n, un tejido suave y confortable, ideal para agregar abrigo o para media estaci\u00f3n. Cuello redondo, hombros ca\u00eddos, mangas largas, pu\u00f1os y bajo terminados en rib.<br \/>\nCorte recto y largo a la cadera.<\/p>\n","protected":false},"excerpt":{"rendered":"<p><span style=\"color: #ff0000\"><strong>3 cuotas sin inter\u00e9s con visa y MasterCard bancarizadas\u00a0<\/strong><\/span><\/p>\n<p><span style=\"color: #ff0000\"><strong>20% off con transferencia bancaria $55.920<\/strong><\/span><\/p>\n","protected":false},"featured_media":4124,"comment_status":"open","ping_status":"closed","template":"","meta":[],"product_brand":[79],"product_cat":[70,168],"product_tag":[140,145,146,30],"class_list":{"0":"post-4057","1":"product","2":"type-product","3":"status-publish","4":"has-post-thumbnail","6":"product_brand-ver","7":"product_cat-buzos","8":"product_cat-primavera-verano","9":"product_tag-abrigo","10":"product_tag-atemporal","11":"product_tag-buzo","12":"product_tag-casual","14":"first","15":"instock","16":"taxable","17":"shipping-taxable","18":"purchasable","19":"product-type-variable"},"_links":{"self":[{"href":"https:\/\/racontto.ar\/index.php\/wp-json\/wp\/v2\/product\/4057","targetHints":{"allow":["GET"]}}],"collection":[{"href":"https:\/\/racontto.ar\/index.php\/wp-json\/wp\/v2\/product"}],"about":[{"href":"https:\/\/racontto.ar\/index.php\/wp-json\/wp\/v2\/types\/product"}],"replies":[{"embeddable":true,"href":"https:\/\/racontto.ar\/index.php\/wp-json\/wp\/v2\/comments?post=4057"}],"wp:featuredmedia":[{"embeddable":true,"href":"https:\/\/racontto.ar\/index.php\/wp-json\/wp\/v2\/media\/4124"}],"wp:attachment":[{"href":"https:\/\/racontto.ar\/index.php\/wp-json\/wp\/v2\/media?parent=4057"}],"wp:term":[{"taxonomy":"product_brand","embeddable":true,"href":"https:\/\/racontto.ar\/index.php\/wp-json\/wp\/v2\/product_brand?post=4057"},{"taxonomy":"product_cat","embeddable":true,"href":"https:\/\/racontto.ar\/index.php\/wp-json\/wp\/v2\/product_cat?post=4057"},{"taxonomy":"product_tag","embeddable":true,"href":"https:\/\/racontto.ar\/index.php\/wp-json\/wp\/v2\/product_tag?post=4057"}],"curies":[{"name":"wp","href":"https:\/\/api.w.org\/{rel}","templated":true}]}}