{"id":4393,"date":"2025-09-17T17:48:33","date_gmt":"2025-09-17T20:48:33","guid":{"rendered":"https:\/\/racontto.ar\/?post_type=product&#038;p=4393"},"modified":"2026-04-21T12:41:50","modified_gmt":"2026-04-21T15:41:50","slug":"pantalon-de-gabardina","status":"publish","type":"product","link":"https:\/\/racontto.ar\/index.php\/producto\/pantalon-de-gabardina\/","title":{"rendered":"Pantal\u00f3n de gabardina"},"content":{"rendered":"<p>Confeccionado en algod\u00f3n paper , una tela perfecta para climas c\u00e1lidos, es liviana, fresca, ideal para el verano<br \/>\nCintura elastizada con cord\u00f3n para ajustar, bolsillos laterales, recortes a la altura de las rodillas con pespunte a tono y dorso liso. Perfecto para combinar con la campera o prendas al cuerpo para un look casual y utilitario.<br \/>\nTiro medio, piernas anchas y rectas.<br \/>\n100% Algod\u00f3n.<\/p>\n","protected":false},"excerpt":{"rendered":"<p><span style=\"color: #ff0000\"><strong>3 o 6 cuotas sin inter\u00e9s con visa y MasterCard bancarizadas<\/strong><\/span><\/p>\n<p><span style=\"color: #ff0000\"><strong>20% off con transferencia bancaria $79.920\u00a0<\/strong><\/span><\/p>\n","protected":false},"featured_media":4395,"comment_status":"open","ping_status":"closed","template":"","meta":[],"product_brand":[79],"product_cat":[73,168,167],"product_tag":[187,186,104,174],"class_list":{"0":"post-4393","1":"product","2":"type-product","3":"status-publish","4":"has-post-thumbnail","6":"product_brand-ver","7":"product_cat-pantalones","8":"product_cat-primavera-verano","9":"product_cat-temporada","10":"product_tag-gabardina","11":"product_tag-liviano","12":"product_tag-pantalon","13":"product_tag-verano","15":"first","16":"instock","17":"taxable","18":"shipping-taxable","19":"purchasable","20":"product-type-variable"},"_links":{"self":[{"href":"https:\/\/racontto.ar\/index.php\/wp-json\/wp\/v2\/product\/4393","targetHints":{"allow":["GET"]}}],"collection":[{"href":"https:\/\/racontto.ar\/index.php\/wp-json\/wp\/v2\/product"}],"about":[{"href":"https:\/\/racontto.ar\/index.php\/wp-json\/wp\/v2\/types\/product"}],"replies":[{"embeddable":true,"href":"https:\/\/racontto.ar\/index.php\/wp-json\/wp\/v2\/comments?post=4393"}],"wp:featuredmedia":[{"embeddable":true,"href":"https:\/\/racontto.ar\/index.php\/wp-json\/wp\/v2\/media\/4395"}],"wp:attachment":[{"href":"https:\/\/racontto.ar\/index.php\/wp-json\/wp\/v2\/media?parent=4393"}],"wp:term":[{"taxonomy":"product_brand","embeddable":true,"href":"https:\/\/racontto.ar\/index.php\/wp-json\/wp\/v2\/product_brand?post=4393"},{"taxonomy":"product_cat","embeddable":true,"href":"https:\/\/racontto.ar\/index.php\/wp-json\/wp\/v2\/product_cat?post=4393"},{"taxonomy":"product_tag","embeddable":true,"href":"https:\/\/racontto.ar\/index.php\/wp-json\/wp\/v2\/product_tag?post=4393"}],"curies":[{"name":"wp","href":"https:\/\/api.w.org\/{rel}","templated":true}]}}