{"id":4421,"date":"2025-09-17T19:17:43","date_gmt":"2025-09-17T22:17:43","guid":{"rendered":"https:\/\/racontto.ar\/?post_type=product&#038;p=4421"},"modified":"2026-04-21T12:41:27","modified_gmt":"2026-04-21T15:41:27","slug":"camisa-clasica","status":"publish","type":"product","link":"https:\/\/racontto.ar\/index.php\/producto\/camisa-clasica\/","title":{"rendered":"Camisa cl\u00e1sica"},"content":{"rendered":"<p>Camisa b\u00e1sica manga larga de poplin liso, super liviana y fresca para los d\u00edas de calor<\/p>\n","protected":false},"excerpt":{"rendered":"<p><span style=\"color: #ff0000\"><strong>2 o 3 cuotas sin inter\u00e9s con visa y MasterCard bancarizadas <\/strong><\/span><\/p>\n<p><strong><span style=\"color: #ff0000\">20% off con transferencia bancaria $ 55.920<\/span><\/strong><\/p>\n","protected":false},"featured_media":4424,"comment_status":"open","ping_status":"closed","template":"","meta":[],"product_brand":[78],"product_cat":[44,168],"product_tag":[180,144,164,174],"class_list":{"0":"post-4421","1":"product","2":"type-product","3":"status-publish","4":"has-post-thumbnail","6":"product_brand-koxis","7":"product_cat-camisas-blusa","8":"product_cat-primavera-verano","9":"product_tag-basica","10":"product_tag-camisa","11":"product_tag-manga-larga","12":"product_tag-verano","13":"pa_color-blanco","14":"pa_color-rosa-bebe","16":"first","17":"instock","18":"taxable","19":"shipping-taxable","20":"purchasable","21":"product-type-variable"},"_links":{"self":[{"href":"https:\/\/racontto.ar\/index.php\/wp-json\/wp\/v2\/product\/4421","targetHints":{"allow":["GET"]}}],"collection":[{"href":"https:\/\/racontto.ar\/index.php\/wp-json\/wp\/v2\/product"}],"about":[{"href":"https:\/\/racontto.ar\/index.php\/wp-json\/wp\/v2\/types\/product"}],"replies":[{"embeddable":true,"href":"https:\/\/racontto.ar\/index.php\/wp-json\/wp\/v2\/comments?post=4421"}],"wp:featuredmedia":[{"embeddable":true,"href":"https:\/\/racontto.ar\/index.php\/wp-json\/wp\/v2\/media\/4424"}],"wp:attachment":[{"href":"https:\/\/racontto.ar\/index.php\/wp-json\/wp\/v2\/media?parent=4421"}],"wp:term":[{"taxonomy":"product_brand","embeddable":true,"href":"https:\/\/racontto.ar\/index.php\/wp-json\/wp\/v2\/product_brand?post=4421"},{"taxonomy":"product_cat","embeddable":true,"href":"https:\/\/racontto.ar\/index.php\/wp-json\/wp\/v2\/product_cat?post=4421"},{"taxonomy":"product_tag","embeddable":true,"href":"https:\/\/racontto.ar\/index.php\/wp-json\/wp\/v2\/product_tag?post=4421"}],"curies":[{"name":"wp","href":"https:\/\/api.w.org\/{rel}","templated":true}]}}