{"id":4681,"date":"2025-11-11T12:17:43","date_gmt":"2025-11-11T15:17:43","guid":{"rendered":"https:\/\/racontto.ar\/?post_type=product&#038;p=4681"},"modified":"2025-11-11T12:21:28","modified_gmt":"2025-11-11T15:21:28","slug":"blazer-lino-off-white","status":"publish","type":"product","link":"https:\/\/racontto.ar\/index.php\/producto\/blazer-lino-off-white\/","title":{"rendered":"Blazer Lino off white"},"content":{"rendered":"<p>Confeccionado en mezcla de lino y ray\u00f3n, una tela fluida con textura levemente r\u00fastica, con cuerpo y s\u00faper c\u00f3moda.\u00a0<em>\u00a1Pod\u00e9s coordinarlo con el pantal\u00f3n para un total look sastrero!<\/em><br \/>\nEscote en V, cerramiento con bot\u00f3n, hombros marcados con hombreras, forrado.<br \/>\nCalce suelto y estructura recta.<\/p>\n<p>Composici\u00f3n: 55% Lino &#8211; 45% Viscosa.<br \/>\nColor: Blanco Panna Cotta<\/p>\n","protected":false},"excerpt":{"rendered":"<p><span style=\"color: #ff0000\"><strong>2 o 3 cuotas sin inter\u00e9s con visa o MasterCard bancarizadas\u00a0<\/strong><\/span><\/p>\n<p><span style=\"color: #ff0000\"><strong>20% off con transferencia bancaria $151.200<\/strong><\/span><\/p>\n","protected":false},"featured_media":4682,"comment_status":"open","ping_status":"closed","template":"","meta":[],"product_brand":[79],"product_cat":[46,168,37,138],"product_tag":[],"class_list":{"0":"post-4681","1":"product","2":"type-product","3":"status-publish","4":"has-post-thumbnail","6":"product_brand-ver","7":"product_cat-abrigos","8":"product_cat-primavera-verano","9":"product_cat-sacos","10":"product_cat-sastreria","12":"first","13":"instock","14":"taxable","15":"shipping-taxable","16":"purchasable","17":"product-type-variable"},"_links":{"self":[{"href":"https:\/\/racontto.ar\/index.php\/wp-json\/wp\/v2\/product\/4681","targetHints":{"allow":["GET"]}}],"collection":[{"href":"https:\/\/racontto.ar\/index.php\/wp-json\/wp\/v2\/product"}],"about":[{"href":"https:\/\/racontto.ar\/index.php\/wp-json\/wp\/v2\/types\/product"}],"replies":[{"embeddable":true,"href":"https:\/\/racontto.ar\/index.php\/wp-json\/wp\/v2\/comments?post=4681"}],"wp:featuredmedia":[{"embeddable":true,"href":"https:\/\/racontto.ar\/index.php\/wp-json\/wp\/v2\/media\/4682"}],"wp:attachment":[{"href":"https:\/\/racontto.ar\/index.php\/wp-json\/wp\/v2\/media?parent=4681"}],"wp:term":[{"taxonomy":"product_brand","embeddable":true,"href":"https:\/\/racontto.ar\/index.php\/wp-json\/wp\/v2\/product_brand?post=4681"},{"taxonomy":"product_cat","embeddable":true,"href":"https:\/\/racontto.ar\/index.php\/wp-json\/wp\/v2\/product_cat?post=4681"},{"taxonomy":"product_tag","embeddable":true,"href":"https:\/\/racontto.ar\/index.php\/wp-json\/wp\/v2\/product_tag?post=4681"}],"curies":[{"name":"wp","href":"https:\/\/api.w.org\/{rel}","templated":true}]}}